{"id":994,"date":"2023-08-25T10:07:50","date_gmt":"2023-08-25T10:07:50","guid":{"rendered":"https:\/\/atlasliving.lt\/faq\/"},"modified":"2025-01-24T15:52:41","modified_gmt":"2025-01-24T15:52:41","slug":"duk","status":"publish","type":"page","link":"https:\/\/atlasliving.lt\/lt\/duk\/","title":{"rendered":"DUK"},"content":{"rendered":"[vc_row type=&#8221;full_width_background&#8221; full_screen_row_position=&#8221;middle&#8221; column_margin=&#8221;default&#8221; column_direction=&#8221;default&#8221; column_direction_tablet=&#8221;default&#8221; column_direction_phone=&#8221;default&#8221; bg_color=&#8221;#3a1772&#8243; full_height=&#8221;yes&#8221; columns_placement=&#8221;top&#8221; scene_position=&#8221;center&#8221; top_padding=&#8221;2%&#8221; bottom_padding=&#8221;5%&#8221; top_padding_tablet=&#8221;70px&#8221; bottom_padding_tablet=&#8221;100px&#8221; text_color=&#8221;dark&#8221; text_align=&#8221;left&#8221; row_border_radius=&#8221;none&#8221; row_border_radius_applies=&#8221;bg&#8221; overflow=&#8221;visible&#8221; class=&#8221;text-color-scheme-light faq-inside&#8221; overlay_strength=&#8221;0.3&#8243; gradient_direction=&#8221;left_to_right&#8221; shape_divider_position=&#8221;bottom&#8221; bg_image_animation=&#8221;none&#8221; gradient_type=&#8221;default&#8221; shape_type=&#8221;&#8221;][vc_column column_padding=&#8221;no-extra-padding&#8221; column_padding_tablet=&#8221;inherit&#8221; column_padding_phone=&#8221;inherit&#8221; column_padding_position=&#8221;all&#8221; column_element_direction_desktop=&#8221;default&#8221; column_element_spacing=&#8221;default&#8221; desktop_text_alignment=&#8221;default&#8221; tablet_text_alignment=&#8221;default&#8221; phone_text_alignment=&#8221;default&#8221; background_color_opacity=&#8221;1&#8243; background_hover_color_opacity=&#8221;1&#8243; column_backdrop_filter=&#8221;none&#8221; column_shadow=&#8221;none&#8221; column_border_radius=&#8221;none&#8221; column_link_target=&#8221;_self&#8221; column_position=&#8221;default&#8221; gradient_direction=&#8221;left_to_right&#8221; overlay_strength=&#8221;0.3&#8243; width=&#8221;1\/1&#8243; tablet_width_inherit=&#8221;default&#8221; animation_type=&#8221;default&#8221; bg_image_animation=&#8221;none&#8221; border_type=&#8221;simple&#8221; column_border_width=&#8221;none&#8221; column_border_style=&#8221;solid&#8221;][divider line_type=&#8221;No Line&#8221; custom_height=&#8221;50px&#8221;][divider line_type=&#8221;No Line&#8221; custom_height=&#8221;50px&#8221;][vc_row_inner equal_height=&#8221;yes&#8221; content_placement=&#8221;top&#8221; column_margin=&#8221;default&#8221; column_direction=&#8221;default&#8221; column_direction_tablet=&#8221;default&#8221; column_direction_phone=&#8221;default&#8221; text_align=&#8221;left&#8221; row_position=&#8221;default&#8221; row_position_tablet=&#8221;inherit&#8221; row_position_phone=&#8221;inherit&#8221; overflow=&#8221;visible&#8221; pointer_events=&#8221;all&#8221;][vc_column_inner column_padding=&#8221;no-extra-padding&#8221; column_padding_tablet=&#8221;inherit&#8221; column_padding_phone=&#8221;inherit&#8221; column_padding_position=&#8221;all&#8221; column_element_direction_desktop=&#8221;default&#8221; column_element_spacing=&#8221;default&#8221; desktop_text_alignment=&#8221;default&#8221; tablet_text_alignment=&#8221;default&#8221; phone_text_alignment=&#8221;default&#8221; background_color_opacity=&#8221;1&#8243; background_hover_color_opacity=&#8221;1&#8243; column_backdrop_filter=&#8221;none&#8221; column_shadow=&#8221;none&#8221; column_border_radius=&#8221;none&#8221; column_link_target=&#8221;_self&#8221; overflow=&#8221;visible&#8221; gradient_direction=&#8221;left_to_right&#8221; overlay_strength=&#8221;0.3&#8243; width=&#8221;1\/3&#8243; tablet_width_inherit=&#8221;default&#8221; animation_type=&#8221;default&#8221; bg_image_animation=&#8221;none&#8221; border_type=&#8221;simple&#8221; column_border_width=&#8221;none&#8221; column_border_style=&#8221;solid&#8221; column_padding_type=&#8221;default&#8221; gradient_type=&#8221;default&#8221; offset=&#8221;vc_col-lg-4&#8243;][vc_custom_heading source=&#8221;post_title&#8221; font_container=&#8221;tag:h1|text_align:left|color:%23ffffff&#8221; use_theme_fonts=&#8221;yes&#8221; el_class=&#8221;section-heading sh-4&#8243;][divider line_type=&#8221;No Line&#8221; custom_height=&#8221;50px&#8221;][\/vc_column_inner][vc_column_inner column_padding=&#8221;no-extra-padding&#8221; column_padding_tablet=&#8221;inherit&#8221; column_padding_phone=&#8221;inherit&#8221; column_padding_position=&#8221;all&#8221; column_element_direction_desktop=&#8221;default&#8221; column_element_spacing=&#8221;default&#8221; desktop_text_alignment=&#8221;default&#8221; tablet_text_alignment=&#8221;default&#8221; phone_text_alignment=&#8221;default&#8221; background_color_opacity=&#8221;1&#8243; background_hover_color_opacity=&#8221;1&#8243; column_backdrop_filter=&#8221;none&#8221; column_shadow=&#8221;none&#8221; column_border_radius=&#8221;none&#8221; column_link_target=&#8221;_self&#8221; overflow=&#8221;visible&#8221; gradient_direction=&#8221;left_to_right&#8221; overlay_strength=&#8221;0.3&#8243; width=&#8221;2\/3&#8243; tablet_width_inherit=&#8221;default&#8221; animation_type=&#8221;default&#8221; bg_image_animation=&#8221;none&#8221; border_type=&#8221;simple&#8221; column_border_width=&#8221;none&#8221; column_border_style=&#8221;solid&#8221; column_padding_type=&#8221;default&#8221; gradient_type=&#8221;default&#8221; offset=&#8221;vc_col-lg-8 vc_hidden-sm vc_hidden-xs&#8221;][vc_column_text el_class=&#8221;contact-us-title-sub-text&#8221;]Turite klausim\u0173?<br \/>\n\u010cia pateikiame da\u017eniausiai mums u\u017eduodamus klausimus. Tikim\u0117s, jog atsakymus rasite ir J\u016bs!<\/p>\n<p>Jei turite klausim\u0105, reikalaujant\u012f skubaus atsakymo, skambinkite telefonu <a href=\"tel:+37065979777\">+37065979777<\/a>.<\/p>\n<p>Taip pat galite kreiptis \u012f mus el. pa\u0161tu <a class=\"c-link\" href=\"mailto:news@atlasliving.lt\" target=\"_blank\" rel=\"noopener noreferrer\" data-stringify-link=\"mailto:news@atlasliving.lt\" data-sk=\"tooltip_parent\" aria-haspopup=\"menu\" aria-expanded=\"false\">news@atlasliving.lt<\/a> ir mes b\u016btinai su jumis susisieksime per 48 valandas![\/vc_column_text][divider line_type=&#8221;No Line&#8221; custom_height=&#8221;50px&#8221;][\/vc_column_inner][\/vc_row_inner][toggles style=&#8221;default&#8221; border_radius=&#8221;none&#8221;][toggle color=&#8221;Default&#8221; heading_tag=&#8221;default&#8221; heading_tag_functionality=&#8221;default&#8221; title=&#8221;1. Kokie yra galimi nuomos terminai?&#8221;][vc_column_text]Si\u016blome lanks\u010dias nuomos sutartis nuo 60 dien\u0173 iki tiek, kiek tik Jums reik\u0117s.[\/vc_column_text][\/toggle][toggle color=&#8221;Default&#8221; heading_tag=&#8221;default&#8221; heading_tag_functionality=&#8221;default&#8221; title=&#8221;2. Ar galiu nutraukti sutart\u012f nepasibaigus terminui?&#8221;][vc_column_text]Taip, sutart\u012f galite nutraukti prie\u0161 tai mus \u012fsp\u0117j\u0119 pagal sutartyje numatyt\u0105 dviej\u0173 m\u0117nesi\u0173 termin\u0105.[\/vc_column_text][\/toggle][toggle color=&#8221;Default&#8221; heading_tag=&#8221;default&#8221; heading_tag_functionality=&#8221;default&#8221; title=&#8221;3. Ar yra taikomas nuomos depozitas?&#8221;][vc_column_text]Pasira\u0161ius ilgalaik\u0119 (ilgesn\u0119 nei 60 d.) sutart\u012f, pra\u0161ome sumok\u0117ti u\u017estat\u0105:<\/p>\n<ul>\n<li>\u201eStudio\u201c ir \u201eStudio\u201c mobilumui apartamentai &#8211; 600 eur<\/li>\n<li>\u201eMurphy\u201c apartamentai &#8211; 700 eur<\/li>\n<li>\u201eDouble\u201c ir \u201eTwin\u201c apartamentai- 800 eur<\/li>\n<li>\u201eDeluxe\u201c apartamentai &#8211; 1000 eur<\/li>\n<li>Juridiniams asmenims &#8211; 700 eur<\/li>\n<\/ul>\n[\/vc_column_text][\/toggle][toggle color=&#8221;Default&#8221; heading_tag=&#8221;default&#8221; heading_tag_functionality=&#8221;default&#8221; title=&#8221;4. Kada atgausiu savo depozit\u0105?&#8221;][vc_column_text]Depozit\u0105 atgausite per 10 d.d. nuo nuomos sutarties nutraukimo ir tvarking\u0173 apartament\u0173 gr\u0105\u017einimo.[\/vc_column_text][\/toggle][toggle color=&#8221;Default&#8221; heading_tag=&#8221;default&#8221; heading_tag_functionality=&#8221;default&#8221; title=&#8221;5. Ar galiu registruoti Atlas savo gyvenamosios vietos adres\u0105?&#8221;][vc_column_text]Taip, ATLAS galite registruoti savo gyvenamosios vietos adres\u0105 nuomos laikotarpiui. Pra\u0161ome kreiptis \u012f administracij\u0105 ir paai\u0161kinsime Jums, kaip tai padaryti.[\/vc_column_text][\/toggle][toggle color=&#8221;Default&#8221; heading_tag=&#8221;default&#8221; heading_tag_functionality=&#8221;default&#8221; title=&#8221;6. Ar galima gyventi su augintiniais?&#8221;][vc_column_text]Esame atviri ir draugi\u0161ki visiems, kiek koj\u0173 betur\u0117tum\u0117te. \ud83d\ude09 \u017dinoma, J\u016bs\u0173 augintinis netur\u0117t\u0173 trukdyti kitiems ATLAS gyventojams.[\/vc_column_text][\/toggle][toggle color=&#8221;Default&#8221; heading_tag=&#8221;default&#8221; heading_tag_functionality=&#8221;default&#8221; title=&#8221;7. Ar pas mane gali ateiti sve\u010di\u0173? Ar jie gali nakvoti?&#8221;][vc_column_text]Taip, J\u016bs galite pasikviesti sve\u010di\u0173, jie taip pat gali pernakvoti, ta\u010diau J\u016bs b\u016bsite atsakingas u\u017e juos vis\u0105 laik\u0105, kol jie bus ATLAS patalpose.[\/vc_column_text][\/toggle][toggle color=&#8221;Default&#8221; heading_tag=&#8221;default&#8221; heading_tag_functionality=&#8221;default&#8221; title=&#8221;8. Ar administracija dirba vis\u0105 par\u0105?&#8221;][vc_column_text]Administracijos darbo laikas yra 10-22 val. darbo dienomis. Jei Jums prireiks pagalbos kuriuo nors kitu metu, galite skambinti bendruoju tel. nr. <a href=\"tel:+37065979777\">+37065979777<\/a>, susisiekti su apsauga arba avarine tarnyba.[\/vc_column_text][\/toggle][toggle color=&#8221;Default&#8221; heading_tag=&#8221;default&#8221; heading_tag_functionality=&#8221;default&#8221; title=&#8221;9. Ar galima ap\u017ei\u016br\u0117ti apartamentus prie\u0161 nuomojantis?&#8221;][vc_column_text]Taip, visus norin\u010dius ap\u017ei\u016br\u0117ti Atlas apartamentus kvie\u010diame susitarti d\u0117l ap\u017ei\u016bros laiko telefonu <span style=\"font-weight: 400;\"><a href=\"tel:+37065979777\">+37065979777<\/a><\/span> arba el. pa\u0161tu <a href=\"mailto:news@atlasliving.lt\">news@atlasliving.lt<\/a>.[\/vc_column_text][\/toggle][toggle color=&#8221;Default&#8221; heading_tag=&#8221;default&#8221; heading_tag_functionality=&#8221;default&#8221; title=&#8221;10. Koki\u0105 buitin\u0119 technik\u0105 ir \u012frang\u0105 rasiu apartamentuose?&#8221;][vc_column_text]Visi b\u016bstai yra pilnai \u012frengti ir pritaikyti gyvenimui. Juose rasite lov\u0105, stal\u0105, k\u0117d\u0119 bei spint\u0105. Apartamentuose yra ir kaitlent\u0117s, kriaukl\u0117s ir \u0161aldytuvai. Taip pat, \u017einoma, pilnai \u012freng\u0117me vonios kambarius su du\u0161u. U\u017e papildom\u0105 m\u0117nesin\u012f mokest\u012f galite i\u0161sinuomoti ir piln\u0105 virtuv\u0117s reikmen\u0173 bei tekstil\u0117s komplekt\u0105[\/vc_column_text][\/toggle][toggle color=&#8221;Default&#8221; heading_tag=&#8221;default&#8221; heading_tag_functionality=&#8221;default&#8221; title=&#8221;11. Ar Atlas yra internetas?&#8221;][vc_column_text]Visose ATLAS patalpose ir prieigose veikia spartus WI-FI ry\u0161ys.[\/vc_column_text][\/toggle][toggle color=&#8221;Default&#8221; heading_tag=&#8221;default&#8221; heading_tag_functionality=&#8221;default&#8221; title=&#8221;12. Kokia yra nuomos mok\u0117jimo tvarka?&#8221;][vc_column_text]<span dir=\"ltr\" role=\"presentation\">Pasira\u0161ius ilgalaik\u0119 (ilgesn\u0119 nei 60 dien\u0173) sutart\u012f, mes pra\u0161ome sumok\u0117ti <\/span><span dir=\"ltr\" role=\"presentation\">u\u017estat\u0105. Likus kelioms dienoms iki \u012fsikraustymo dienos arba m\u0117nesio prad\u017eioje, jei <\/span><span dir=\"ltr\" role=\"presentation\">\u012fsikraustymo diena yra m\u0117nesio prad\u017eioje, gausite s\u0105skait\u0105 u\u017e nuom\u0105. V\u0117liau nuomos ir <\/span><span dir=\"ltr\" role=\"presentation\">komunalini\u0173 paslaug\u0173 mokes\u010dius mok\u0117site pagal j\u016bs\u0173 el. pa\u0161to adresu atsi\u0173stas s\u0105skaitas <\/span><span dir=\"ltr\" role=\"presentation\">(pavyzd\u017eiui, s\u0105skaita u\u017e kovo m\u0117nesio nuom\u0105 bus i\u0161si\u0173sta kovo prad\u017eioje). Savitarnos <\/span><span dir=\"ltr\" role=\"presentation\">platformoje taip pat gal\u0117site per\u017ei\u016br\u0117ti visus savo mok\u0117jimus.<\/span>[\/vc_column_text][\/toggle][toggle color=&#8221;Default&#8221; heading_tag=&#8221;default&#8221; heading_tag_functionality=&#8221;default&#8221; title=&#8221;13. Ar yra papildom\u0173 mokes\u010di\u0173 gyvenant ATLAS?&#8221;][vc_column_text]ATLAS gyventojai moka fiksuot\u0105 nuomos mokest\u012f, nurodyt\u0105 sutartyje, taip pat fiksuot\u0105 komunalini\u0173 paslaug\u0173 mokest\u012f. Visada \u017einosite, kokios i\u0161laidos J\u016bs\u0173 laukia &#8211; daugiau joki\u0173 nemaloni\u0173 siurpriz\u0173.[\/vc_column_text][\/toggle][toggle color=&#8221;Default&#8221; heading_tag=&#8221;default&#8221; heading_tag_functionality=&#8221;default&#8221; title=&#8221;14. Kuo tur\u0117\u010diau pasir\u016bpinti prie\u0161 atsikraustydamas?&#8221;][vc_column_text]Kambariuose <u>N\u0116RA<\/u> patalyn\u0117s, u\u017evalkal\u0173, ind\u0173 ir virtuv\u0117s reikmen\u0173 &#8211; juos galite atsigabenti nuosavus arba nuomotis tiesiai i\u0161 m\u016bs\u0173. \u0160i\u0105 galimyb\u0119 tur\u0117site pasira\u0161ydami sutart\u012f. Na, o jei sutart\u012f jau pasira\u0161\u0117te &#8211; susisiekite su mumis ir mes pasir\u016bpinsime, kad atvyk\u0119 rastum\u0117te visk\u0105, ko reik\u0117s J\u016bs\u0173 vie\u0161nagei.[\/vc_column_text][\/toggle][toggle color=&#8221;Default&#8221; heading_tag=&#8221;default&#8221; heading_tag_functionality=&#8221;default&#8221; title=&#8221;15. Kur galiu laikyti savo retai naudojamus daiktus ar lagaminus?&#8221;][vc_column_text]J\u016bs\u0173 retai naudojamiems daiktams si\u016blome \u012fvairaus dyd\u017eio sand\u0117liukus ir daikt\u0173 saugojimo spinteles.[\/vc_column_text][\/toggle][toggle color=&#8221;Default&#8221; heading_tag=&#8221;default&#8221; heading_tag_functionality=&#8221;default&#8221; title=&#8221;16. Kaip u\u017etikrinamas mano ir mano turto saugumas?&#8221;][vc_column_text]Visos ATLAS bendrojo naudojimo patalpos bei pastato prieigos yra stebimos vaizdo kameromis, o patekimas kontroliuojamas \u012feigos sistema. Pastat\u0105 taip pat stebi teritorijoje veikianti 24\/7 apsaugos tarnyba.[\/vc_column_text][\/toggle][toggle color=&#8221;Default&#8221; heading_tag=&#8221;default&#8221; heading_tag_functionality=&#8221;default&#8221; title=&#8221;17. Kokias bendrojo naudojimo patalpas si\u016blo ATLAS?&#8221;][vc_column_text]<span style=\"font-weight: 400;\">Visus m\u016bs\u0173 si\u016blomus patogumus ir pramogas rasite <a href=\"\/lt\/apartamentai\/\" target=\"_blank\" rel=\"noopener\">\u010dia<\/a>.<\/span>[\/vc_column_text][\/toggle][toggle color=&#8221;Default&#8221; heading_tag=&#8221;default&#8221; heading_tag_functionality=&#8221;default&#8221; title=&#8221;18. Kur gal\u0117siu laikyti automobil\u012f?&#8221;][vc_column_text]<span style=\"font-weight: 400;\">ATLAS rasite did\u017eiul\u0119 automobili\u0173 stov\u0117jimo aik\u0161tel\u0119, skirt\u0105 komplekso gyventojams. Tiesa, nors aik\u0161tel\u0117 ir didel\u0117, jos viet\u0173 skai\u010dius ribotas, tod\u0117l rekomenduojame savo vieta pasir\u016bpti jau <a href=\"https:\/\/booking.atlasliving.lt\/book\/2\/?language=lt\" target=\"_blank\" rel=\"noopener\">atlikdami apartament\u0173 rezervacij\u0105<\/a>.<\/span>[\/vc_column_text][\/toggle][\/toggles][\/vc_column][\/vc_row]\n","protected":false},"excerpt":{"rendered":"<p>[vc_row type=&#8221;full_width_background&#8221; full_screen_row_position=&#8221;middle&#8221; column_margin=&#8221;default&#8221; column_direction=&#8221;default&#8221; column_direction_tablet=&#8221;default&#8221; column_direction_phone=&#8221;default&#8221; bg_color=&#8221;#3a1772&#8243; full_height=&#8221;yes&#8221; columns_placement=&#8221;top&#8221; scene_position=&#8221;center&#8221; top_padding=&#8221;2%&#8221; bottom_padding=&#8221;5%&#8221; top_padding_tablet=&#8221;70px&#8221; bottom_padding_tablet=&#8221;100px&#8221; text_color=&#8221;dark&#8221; text_align=&#8221;left&#8221; row_border_radius=&#8221;none&#8221; row_border_radius_applies=&#8221;bg&#8221; overflow=&#8221;visible&#8221; class=&#8221;text-color-scheme-light faq-inside&#8221; overlay_strength=&#8221;0.3&#8243; gradient_direction=&#8221;left_to_right&#8221; shape_divider_position=&#8221;bottom&#8221; bg_image_animation=&#8221;none&#8221; gradient_type=&#8221;default&#8221; shape_type=&#8221;&#8221;][vc_column column_padding=&#8221;no-extra-padding&#8221; column_padding_tablet=&#8221;inherit&#8221;&#8230;<\/p>\n","protected":false},"author":5,"featured_media":0,"parent":0,"menu_order":78,"comment_status":"closed","ping_status":"closed","template":"","meta":{"_acf_changed":false,"inline_featured_image":false,"iawp_total_views":2532,"footnotes":""},"categories":[],"class_list":["post-994","page","type-page","status-publish"],"acf":[],"yoast_head":"<!-- This site is optimized with the Yoast SEO plugin v25.9 - https:\/\/yoast.com\/wordpress\/plugins\/seo\/ -->\n<title>DUK - ATLAS<\/title>\n<meta name=\"description\" content=\"Find answers to all your questions about Atlas co-living apartments in Lithuania. From amenities to community guidelines, our FAQ section covers a wide range of topics to help you make an informed decision. Explore now to learn more about our community-centric living experience.\" \/>\n<meta name=\"robots\" content=\"index, follow, max-snippet:-1, max-image-preview:large, max-video-preview:-1\" \/>\n<link rel=\"canonical\" href=\"https:\/\/atlasliving.lt\/lt\/duk\/\" \/>\n<meta property=\"og:locale\" content=\"lt_LT\" \/>\n<meta property=\"og:type\" content=\"article\" \/>\n<meta property=\"og:title\" content=\"DUK - ATLAS\" \/>\n<meta property=\"og:description\" content=\"Find answers to all your questions about Atlas co-living apartments in Lithuania. From amenities to community guidelines, our FAQ section covers a wide range of topics to help you make an informed decision. Explore now to learn more about our community-centric living experience.\" \/>\n<meta property=\"og:url\" content=\"https:\/\/atlasliving.lt\/lt\/duk\/\" \/>\n<meta property=\"og:site_name\" content=\"ATLAS\" \/>\n<meta property=\"article:modified_time\" content=\"2025-01-24T15:52:41+00:00\" \/>\n<meta name=\"twitter:card\" content=\"summary_large_image\" \/>\n<meta name=\"twitter:label1\" content=\"Est. reading time\" \/>\n\t<meta name=\"twitter:data1\" content=\"4 minut\u0117s\" \/>\n<script type=\"application\/ld+json\" class=\"yoast-schema-graph\">{\"@context\":\"https:\/\/schema.org\",\"@graph\":[{\"@type\":\"WebPage\",\"@id\":\"https:\/\/atlasliving.lt\/lt\/duk\/\",\"url\":\"https:\/\/atlasliving.lt\/lt\/duk\/\",\"name\":\"DUK - ATLAS\",\"isPartOf\":{\"@id\":\"https:\/\/atlasliving.lt\/lt\/#website\"},\"datePublished\":\"2023-08-25T10:07:50+00:00\",\"dateModified\":\"2025-01-24T15:52:41+00:00\",\"description\":\"Find answers to all your questions about Atlas co-living apartments in Lithuania. From amenities to community guidelines, our FAQ section covers a wide range of topics to help you make an informed decision. Explore now to learn more about our community-centric living experience.\",\"breadcrumb\":{\"@id\":\"https:\/\/atlasliving.lt\/lt\/duk\/#breadcrumb\"},\"inLanguage\":\"lt-LT\",\"potentialAction\":[{\"@type\":\"ReadAction\",\"target\":[\"https:\/\/atlasliving.lt\/lt\/duk\/\"]}]},{\"@type\":\"BreadcrumbList\",\"@id\":\"https:\/\/atlasliving.lt\/lt\/duk\/#breadcrumb\",\"itemListElement\":[{\"@type\":\"ListItem\",\"position\":1,\"name\":\"Home\",\"item\":\"https:\/\/atlasliving.lt\/lt\/\"},{\"@type\":\"ListItem\",\"position\":2,\"name\":\"DUK\"}]},{\"@type\":\"WebSite\",\"@id\":\"https:\/\/atlasliving.lt\/lt\/#website\",\"url\":\"https:\/\/atlasliving.lt\/lt\/\",\"name\":\"ATLAS\",\"description\":\"Opening this winter\",\"publisher\":{\"@id\":\"https:\/\/atlasliving.lt\/lt\/#organization\"},\"potentialAction\":[{\"@type\":\"SearchAction\",\"target\":{\"@type\":\"EntryPoint\",\"urlTemplate\":\"https:\/\/atlasliving.lt\/lt\/?s={search_term_string}\"},\"query-input\":{\"@type\":\"PropertyValueSpecification\",\"valueRequired\":true,\"valueName\":\"search_term_string\"}}],\"inLanguage\":\"lt-LT\"},{\"@type\":\"Organization\",\"@id\":\"https:\/\/atlasliving.lt\/lt\/#organization\",\"name\":\"ATLAS\",\"url\":\"https:\/\/atlasliving.lt\/lt\/\",\"logo\":{\"@type\":\"ImageObject\",\"inLanguage\":\"lt-LT\",\"@id\":\"https:\/\/atlasliving.lt\/lt\/#\/schema\/logo\/image\/\",\"url\":\"https:\/\/atlasliving.lt\/wp-content\/uploads\/2023\/08\/logo.svg\",\"contentUrl\":\"https:\/\/atlasliving.lt\/wp-content\/uploads\/2023\/08\/logo.svg\",\"width\":278,\"height\":108,\"caption\":\"ATLAS\"},\"image\":{\"@id\":\"https:\/\/atlasliving.lt\/lt\/#\/schema\/logo\/image\/\"}}]}<\/script>\n<!-- \/ Yoast SEO plugin. -->","yoast_head_json":{"title":"DUK - ATLAS","description":"Find answers to all your questions about Atlas co-living apartments in Lithuania. From amenities to community guidelines, our FAQ section covers a wide range of topics to help you make an informed decision. Explore now to learn more about our community-centric living experience.","robots":{"index":"index","follow":"follow","max-snippet":"max-snippet:-1","max-image-preview":"max-image-preview:large","max-video-preview":"max-video-preview:-1"},"canonical":"https:\/\/atlasliving.lt\/lt\/duk\/","og_locale":"lt_LT","og_type":"article","og_title":"DUK - ATLAS","og_description":"Find answers to all your questions about Atlas co-living apartments in Lithuania. From amenities to community guidelines, our FAQ section covers a wide range of topics to help you make an informed decision. Explore now to learn more about our community-centric living experience.","og_url":"https:\/\/atlasliving.lt\/lt\/duk\/","og_site_name":"ATLAS","article_modified_time":"2025-01-24T15:52:41+00:00","twitter_card":"summary_large_image","twitter_misc":{"Est. reading time":"4 minut\u0117s"},"schema":{"@context":"https:\/\/schema.org","@graph":[{"@type":"WebPage","@id":"https:\/\/atlasliving.lt\/lt\/duk\/","url":"https:\/\/atlasliving.lt\/lt\/duk\/","name":"DUK - ATLAS","isPartOf":{"@id":"https:\/\/atlasliving.lt\/lt\/#website"},"datePublished":"2023-08-25T10:07:50+00:00","dateModified":"2025-01-24T15:52:41+00:00","description":"Find answers to all your questions about Atlas co-living apartments in Lithuania. From amenities to community guidelines, our FAQ section covers a wide range of topics to help you make an informed decision. Explore now to learn more about our community-centric living experience.","breadcrumb":{"@id":"https:\/\/atlasliving.lt\/lt\/duk\/#breadcrumb"},"inLanguage":"lt-LT","potentialAction":[{"@type":"ReadAction","target":["https:\/\/atlasliving.lt\/lt\/duk\/"]}]},{"@type":"BreadcrumbList","@id":"https:\/\/atlasliving.lt\/lt\/duk\/#breadcrumb","itemListElement":[{"@type":"ListItem","position":1,"name":"Home","item":"https:\/\/atlasliving.lt\/lt\/"},{"@type":"ListItem","position":2,"name":"DUK"}]},{"@type":"WebSite","@id":"https:\/\/atlasliving.lt\/lt\/#website","url":"https:\/\/atlasliving.lt\/lt\/","name":"ATLAS","description":"Opening this winter","publisher":{"@id":"https:\/\/atlasliving.lt\/lt\/#organization"},"potentialAction":[{"@type":"SearchAction","target":{"@type":"EntryPoint","urlTemplate":"https:\/\/atlasliving.lt\/lt\/?s={search_term_string}"},"query-input":{"@type":"PropertyValueSpecification","valueRequired":true,"valueName":"search_term_string"}}],"inLanguage":"lt-LT"},{"@type":"Organization","@id":"https:\/\/atlasliving.lt\/lt\/#organization","name":"ATLAS","url":"https:\/\/atlasliving.lt\/lt\/","logo":{"@type":"ImageObject","inLanguage":"lt-LT","@id":"https:\/\/atlasliving.lt\/lt\/#\/schema\/logo\/image\/","url":"https:\/\/atlasliving.lt\/wp-content\/uploads\/2023\/08\/logo.svg","contentUrl":"https:\/\/atlasliving.lt\/wp-content\/uploads\/2023\/08\/logo.svg","width":278,"height":108,"caption":"ATLAS"},"image":{"@id":"https:\/\/atlasliving.lt\/lt\/#\/schema\/logo\/image\/"}}]}},"_links":{"self":[{"href":"https:\/\/atlasliving.lt\/lt\/wp-json\/wp\/v2\/pages\/994","targetHints":{"allow":["GET"]}}],"collection":[{"href":"https:\/\/atlasliving.lt\/lt\/wp-json\/wp\/v2\/pages"}],"about":[{"href":"https:\/\/atlasliving.lt\/lt\/wp-json\/wp\/v2\/types\/page"}],"author":[{"embeddable":true,"href":"https:\/\/atlasliving.lt\/lt\/wp-json\/wp\/v2\/users\/5"}],"replies":[{"embeddable":true,"href":"https:\/\/atlasliving.lt\/lt\/wp-json\/wp\/v2\/comments?post=994"}],"version-history":[{"count":12,"href":"https:\/\/atlasliving.lt\/lt\/wp-json\/wp\/v2\/pages\/994\/revisions"}],"predecessor-version":[{"id":7412,"href":"https:\/\/atlasliving.lt\/lt\/wp-json\/wp\/v2\/pages\/994\/revisions\/7412"}],"wp:attachment":[{"href":"https:\/\/atlasliving.lt\/lt\/wp-json\/wp\/v2\/media?parent=994"}],"wp:term":[{"taxonomy":"category","embeddable":true,"href":"https:\/\/atlasliving.lt\/lt\/wp-json\/wp\/v2\/categories?post=994"}],"curies":[{"name":"wp","href":"https:\/\/api.w.org\/{rel}","templated":true}]}}