{"id":1149,"date":"2023-08-31T17:07:57","date_gmt":"2023-08-31T17:07:57","guid":{"rendered":"https:\/\/atlasliving.lt\/cookies-policy\/"},"modified":"2025-08-07T06:19:11","modified_gmt":"2025-08-07T06:19:11","slug":"slapuku-politika","status":"publish","type":"page","link":"https:\/\/atlasliving.lt\/lt\/slapuku-politika\/","title":{"rendered":"Slapuk\u0173 politika"},"content":{"rendered":"[vc_row type=&#8221;in_container&#8221; full_screen_row_position=&#8221;middle&#8221; column_margin=&#8221;default&#8221; column_direction=&#8221;default&#8221; column_direction_tablet=&#8221;default&#8221; column_direction_phone=&#8221;default&#8221; scene_position=&#8221;center&#8221; text_color=&#8221;dark&#8221; text_align=&#8221;left&#8221; row_border_radius=&#8221;none&#8221; row_border_radius_applies=&#8221;bg&#8221; overflow=&#8221;visible&#8221; class=&#8221;pp-simple-page-content&#8221; overlay_strength=&#8221;0.3&#8243; gradient_direction=&#8221;left_to_right&#8221; shape_divider_position=&#8221;bottom&#8221; bg_image_animation=&#8221;none&#8221; gradient_type=&#8221;default&#8221; shape_type=&#8221;&#8221;][vc_column column_padding=&#8221;no-extra-padding&#8221; column_padding_tablet=&#8221;inherit&#8221; column_padding_phone=&#8221;inherit&#8221; column_padding_position=&#8221;all&#8221; column_element_direction_desktop=&#8221;default&#8221; column_element_spacing=&#8221;default&#8221; desktop_text_alignment=&#8221;default&#8221; tablet_text_alignment=&#8221;default&#8221; phone_text_alignment=&#8221;default&#8221; background_color_opacity=&#8221;1&#8243; background_hover_color_opacity=&#8221;1&#8243; column_backdrop_filter=&#8221;none&#8221; column_shadow=&#8221;none&#8221; column_border_radius=&#8221;none&#8221; column_link_target=&#8221;_self&#8221; column_position=&#8221;default&#8221; gradient_direction=&#8221;left_to_right&#8221; overlay_strength=&#8221;0.3&#8243; width=&#8221;1\/1&#8243; tablet_width_inherit=&#8221;default&#8221; animation_type=&#8221;default&#8221; bg_image_animation=&#8221;none&#8221; border_type=&#8221;simple&#8221; column_border_width=&#8221;none&#8221; column_border_style=&#8221;solid&#8221;][vc_custom_heading source=&#8221;post_title&#8221; font_container=&#8221;tag:h1|font_size:28px|text_align:left|line_height:40px&#8221; use_theme_fonts=&#8221;yes&#8221; css=&#8221;.vc_custom_1699955069660{margin-bottom: 40px !important;}&#8221; el_class=&#8221;content-page-heading&#8221;][vc_column_text]\u0160ioje svetain\u0117je naudojami slapukai. \u0160i slapuk\u0173 politika galioja nuo 2023 m. rugs\u0117jo 1 d.<\/p>\n<ol>\n<li><strong>APIBR\u0116\u017dIMAI<\/strong><\/li>\n<\/ol>\n<p>&#8222;Slapukas&#8221;, dar vadinamas \u017einiatinklio slapuku, nar\u0161ykl\u0117s slapuku ir HTTP slapuku, rei\u0161kia nedidel\u012f tekstin\u012f dokument\u0105 su unikaliu identifikaciniu numeriu, kuris i\u0161 \u0161ios Svetain\u0117s perduodamas \u012f Vartotojo kompiuterio kiet\u0105j\u012f disk\u0105. Slapukas gali b\u016bti naudojamas Vartotojo autenti\u0161kumui patvirtinti, svetain\u0117s parinktims, pirkini\u0173 krep\u0161elio turiniui saugoti, serverio sesijos identifikatoriui arba bet kam kitam, kas gali b\u016bti atliekama saugant tekstinius duomenis. &#8222;Tinklo \u0161vyturiai&#8221; &#8211; tai ma\u017ei kodo fragmentai, \u012fterpti \u012f tinklalapius arba el. lai\u0161kus.<\/p>\n<ol start=\"2\">\n<li><strong>SLAPUK\u0172 PASKIRTIS<\/strong><\/li>\n<\/ol>\n<p>2.1. Savininkas naudoja slapukus ir \u017einiatinklio \u0161vytur\u0117lius, siekdamas suteikti Naudotojui turtingesn\u0119 ir labiau individualizuot\u0105 Naudotojo patirt\u012f naudojantis Svetaine, taip pat d\u0117l kit\u0173 prie\u017eas\u010di\u0173. \u0160ios technologijos padeda mums geriau suprasti Naudotojo elgsen\u0105, palengvinti ir \u012fvertinti m\u016bs\u0173 Svetain\u0117s paslaug\u0173, reklam\u0173 ir paie\u0161kos internete efektyvum\u0105, analizuoti tendencijas ir gerinti Svetain\u0117s kokyb\u0119.<\/p>\n<p>2.2. Savininkas neatsako u\u017e tre\u010di\u0173j\u0173 \u0161ali\u0173 i\u0161orini\u0173 svetaini\u0173, kuriose gali b\u016bti arba neb\u016bti \u012fdiegti slapukai, turin\u012f.<\/p>\n<ol start=\"3\">\n<li><strong>PRANE\u0160IMAS NAUDOTOJUI IR NAUDOTOJO SUTIKIMO GAVIMAS<\/strong><\/li>\n<\/ol>\n<p>3.1 Kai pirm\u0105 kart\u0105 \u012feinate \u012f \u0161i\u0105 Svetain\u0119, ekrano apa\u010dioje pasirodo reklaminis skydelis, kuriame prane\u0161ama, kad Savininkas naudoja \u0161ioje Slapuk\u0173 politikoje nurodytus slapukus. Baneryje bus klausiama, ar sutinkate, kad slapukai b\u016bt\u0173 i\u0161saugoti j\u016bs\u0173 \u012frenginyje. Jei sutiksite arba nesutiksite, j\u016bs\u0173 kompiuteryje \u012fra\u0161ysime slapuk\u0105, kad u\u017efiksuotume j\u016bs\u0173 pasirinkim\u0105. Prane\u0161imo reklaminis skydelis nebus rodomas j\u016bs\u0173 ekrane per b\u016bsimus apsilankymus Svetain\u0117je, ta\u010diau Naudotojas gali bet kada pa\u0161alinti Slapukus naudodamasis Naudotojo nar\u0161ykl\u0117s nustatymais.<\/p>\n<ol start=\"4\">\n<li><strong>KAIP PAKEISTI SLAPUK\u0172 NUSTATYMUS<\/strong><\/li>\n<\/ol>\n<p>4.1. Slapuk\u0173 nustatymus galite tvarkyti naudodami savo interneto nar\u0161ykl\u0117s funkcij\u0105 &#8222;Pagalba&#8221;.<\/p>\n<p>4.2 Galite pakeisti nar\u0161ymo nustatymus taip, kad Slapukai neb\u016bt\u0173 priimami. Jei nuspr\u0119stum\u0117te pa\u0161alinti bet kuriuos arba visus Slapukus, atkreipkite d\u0117mes\u012f, kad Slapuk\u0173 pa\u0161alinimas gali tur\u0117ti \u012ftakos naudojimuisi Svetaine, o jei kompiuteris, kuriame i\u0161jungiate Slapukus, yra bendrojo naudojimo \u012frenginys, \u0161is pa\u0161alinimas tur\u0117s \u012ftakos visiems kompiuteriu besinaudojantiems naudotojams.<\/p>\n<ol start=\"5\">\n<li><strong>DAUGIAU INFORMACIJOS APIE SLAPUKUS<\/strong><\/li>\n<\/ol>\n<p>5.1 Daugiau informacijos apie slapukus galite rasti adresu www.allaboutcookies.org, kuriame pateikiama i\u0161sami informacija apie tai, kaip i\u0161trinti slapukus i\u0161 savo \u012frenginio.<\/p>\n<ol start=\"6\">\n<li><strong>M\u016aS\u0172 SLAPUK\u0172 TIPAI<\/strong><\/li>\n<\/ol>\n<p><script type=\"text\/javascript\" charset=\"UTF-8\" data-cookiescriptreport=\"report\" src=\"\/\/report.cookie-script.com\/r\/f327d0ee5cf2602652c5573dbbc94bfd.js\"><\/script>[\/vc_column_text][\/vc_column][\/vc_row]\n","protected":false},"excerpt":{"rendered":"<p>[vc_row type=&#8221;in_container&#8221; full_screen_row_position=&#8221;middle&#8221; column_margin=&#8221;default&#8221; column_direction=&#8221;default&#8221; column_direction_tablet=&#8221;default&#8221; column_direction_phone=&#8221;default&#8221; scene_position=&#8221;center&#8221; text_color=&#8221;dark&#8221; text_align=&#8221;left&#8221; row_border_radius=&#8221;none&#8221; row_border_radius_applies=&#8221;bg&#8221; overflow=&#8221;visible&#8221; class=&#8221;pp-simple-page-content&#8221; overlay_strength=&#8221;0.3&#8243; gradient_direction=&#8221;left_to_right&#8221; shape_divider_position=&#8221;bottom&#8221; bg_image_animation=&#8221;none&#8221; gradient_type=&#8221;default&#8221; shape_type=&#8221;&#8221;][vc_column column_padding=&#8221;no-extra-padding&#8221; column_padding_tablet=&#8221;inherit&#8221; column_padding_phone=&#8221;inherit&#8221; column_padding_position=&#8221;all&#8221; column_element_direction_desktop=&#8221;default&#8221; column_element_spacing=&#8221;default&#8221; desktop_text_alignment=&#8221;default&#8221; tablet_text_alignment=&#8221;default&#8221; phone_text_alignment=&#8221;default&#8221; background_color_opacity=&#8221;1&#8243;&#8230;<\/p>\n","protected":false},"author":5,"featured_media":0,"parent":0,"menu_order":25,"comment_status":"closed","ping_status":"closed","template":"","meta":{"_acf_changed":false,"inline_featured_image":false,"iawp_total_views":55,"footnotes":""},"categories":[],"class_list":["post-1149","page","type-page","status-publish"],"acf":[],"yoast_head":"<!-- This site is optimized with the Yoast SEO plugin v25.9 - https:\/\/yoast.com\/wordpress\/plugins\/seo\/ -->\n<title>Slapuk\u0173 politika - ATLAS<\/title>\n<meta name=\"description\" content=\"Visit our Cookies Policy page to understand our practices and make informed decisions regarding your privacy preferences.\" \/>\n<meta name=\"robots\" content=\"index, follow, max-snippet:-1, max-image-preview:large, max-video-preview:-1\" \/>\n<link rel=\"canonical\" href=\"https:\/\/atlasliving.lt\/lt\/slapuku-politika\/\" \/>\n<meta property=\"og:locale\" content=\"lt_LT\" \/>\n<meta property=\"og:type\" content=\"article\" \/>\n<meta property=\"og:title\" content=\"Slapuk\u0173 politika - ATLAS\" \/>\n<meta property=\"og:description\" content=\"Visit our Cookies Policy page to understand our practices and make informed decisions regarding your privacy preferences.\" \/>\n<meta property=\"og:url\" content=\"https:\/\/atlasliving.lt\/lt\/slapuku-politika\/\" \/>\n<meta property=\"og:site_name\" content=\"ATLAS\" \/>\n<meta property=\"article:modified_time\" content=\"2025-08-07T06:19:11+00:00\" \/>\n<meta name=\"twitter:card\" content=\"summary_large_image\" \/>\n<meta name=\"twitter:label1\" content=\"Est. reading time\" \/>\n\t<meta name=\"twitter:data1\" content=\"2 minut\u0117s\" \/>\n<script type=\"application\/ld+json\" class=\"yoast-schema-graph\">{\"@context\":\"https:\/\/schema.org\",\"@graph\":[{\"@type\":\"WebPage\",\"@id\":\"https:\/\/atlasliving.lt\/lt\/slapuku-politika\/\",\"url\":\"https:\/\/atlasliving.lt\/lt\/slapuku-politika\/\",\"name\":\"Slapuk\u0173 politika - ATLAS\",\"isPartOf\":{\"@id\":\"https:\/\/atlasliving.lt\/lt\/#website\"},\"datePublished\":\"2023-08-31T17:07:57+00:00\",\"dateModified\":\"2025-08-07T06:19:11+00:00\",\"description\":\"Visit our Cookies Policy page to understand our practices and make informed decisions regarding your privacy preferences.\",\"breadcrumb\":{\"@id\":\"https:\/\/atlasliving.lt\/lt\/slapuku-politika\/#breadcrumb\"},\"inLanguage\":\"lt-LT\",\"potentialAction\":[{\"@type\":\"ReadAction\",\"target\":[\"https:\/\/atlasliving.lt\/lt\/slapuku-politika\/\"]}]},{\"@type\":\"BreadcrumbList\",\"@id\":\"https:\/\/atlasliving.lt\/lt\/slapuku-politika\/#breadcrumb\",\"itemListElement\":[{\"@type\":\"ListItem\",\"position\":1,\"name\":\"Home\",\"item\":\"https:\/\/atlasliving.lt\/lt\/\"},{\"@type\":\"ListItem\",\"position\":2,\"name\":\"Slapuk\u0173 politika\"}]},{\"@type\":\"WebSite\",\"@id\":\"https:\/\/atlasliving.lt\/lt\/#website\",\"url\":\"https:\/\/atlasliving.lt\/lt\/\",\"name\":\"ATLAS\",\"description\":\"Opening this winter\",\"publisher\":{\"@id\":\"https:\/\/atlasliving.lt\/lt\/#organization\"},\"potentialAction\":[{\"@type\":\"SearchAction\",\"target\":{\"@type\":\"EntryPoint\",\"urlTemplate\":\"https:\/\/atlasliving.lt\/lt\/?s={search_term_string}\"},\"query-input\":{\"@type\":\"PropertyValueSpecification\",\"valueRequired\":true,\"valueName\":\"search_term_string\"}}],\"inLanguage\":\"lt-LT\"},{\"@type\":\"Organization\",\"@id\":\"https:\/\/atlasliving.lt\/lt\/#organization\",\"name\":\"ATLAS\",\"url\":\"https:\/\/atlasliving.lt\/lt\/\",\"logo\":{\"@type\":\"ImageObject\",\"inLanguage\":\"lt-LT\",\"@id\":\"https:\/\/atlasliving.lt\/lt\/#\/schema\/logo\/image\/\",\"url\":\"https:\/\/atlasliving.lt\/wp-content\/uploads\/2023\/08\/logo.svg\",\"contentUrl\":\"https:\/\/atlasliving.lt\/wp-content\/uploads\/2023\/08\/logo.svg\",\"width\":278,\"height\":108,\"caption\":\"ATLAS\"},\"image\":{\"@id\":\"https:\/\/atlasliving.lt\/lt\/#\/schema\/logo\/image\/\"}}]}<\/script>\n<!-- \/ Yoast SEO plugin. -->","yoast_head_json":{"title":"Slapuk\u0173 politika - ATLAS","description":"Visit our Cookies Policy page to understand our practices and make informed decisions regarding your privacy preferences.","robots":{"index":"index","follow":"follow","max-snippet":"max-snippet:-1","max-image-preview":"max-image-preview:large","max-video-preview":"max-video-preview:-1"},"canonical":"https:\/\/atlasliving.lt\/lt\/slapuku-politika\/","og_locale":"lt_LT","og_type":"article","og_title":"Slapuk\u0173 politika - ATLAS","og_description":"Visit our Cookies Policy page to understand our practices and make informed decisions regarding your privacy preferences.","og_url":"https:\/\/atlasliving.lt\/lt\/slapuku-politika\/","og_site_name":"ATLAS","article_modified_time":"2025-08-07T06:19:11+00:00","twitter_card":"summary_large_image","twitter_misc":{"Est. reading time":"2 minut\u0117s"},"schema":{"@context":"https:\/\/schema.org","@graph":[{"@type":"WebPage","@id":"https:\/\/atlasliving.lt\/lt\/slapuku-politika\/","url":"https:\/\/atlasliving.lt\/lt\/slapuku-politika\/","name":"Slapuk\u0173 politika - ATLAS","isPartOf":{"@id":"https:\/\/atlasliving.lt\/lt\/#website"},"datePublished":"2023-08-31T17:07:57+00:00","dateModified":"2025-08-07T06:19:11+00:00","description":"Visit our Cookies Policy page to understand our practices and make informed decisions regarding your privacy preferences.","breadcrumb":{"@id":"https:\/\/atlasliving.lt\/lt\/slapuku-politika\/#breadcrumb"},"inLanguage":"lt-LT","potentialAction":[{"@type":"ReadAction","target":["https:\/\/atlasliving.lt\/lt\/slapuku-politika\/"]}]},{"@type":"BreadcrumbList","@id":"https:\/\/atlasliving.lt\/lt\/slapuku-politika\/#breadcrumb","itemListElement":[{"@type":"ListItem","position":1,"name":"Home","item":"https:\/\/atlasliving.lt\/lt\/"},{"@type":"ListItem","position":2,"name":"Slapuk\u0173 politika"}]},{"@type":"WebSite","@id":"https:\/\/atlasliving.lt\/lt\/#website","url":"https:\/\/atlasliving.lt\/lt\/","name":"ATLAS","description":"Opening this winter","publisher":{"@id":"https:\/\/atlasliving.lt\/lt\/#organization"},"potentialAction":[{"@type":"SearchAction","target":{"@type":"EntryPoint","urlTemplate":"https:\/\/atlasliving.lt\/lt\/?s={search_term_string}"},"query-input":{"@type":"PropertyValueSpecification","valueRequired":true,"valueName":"search_term_string"}}],"inLanguage":"lt-LT"},{"@type":"Organization","@id":"https:\/\/atlasliving.lt\/lt\/#organization","name":"ATLAS","url":"https:\/\/atlasliving.lt\/lt\/","logo":{"@type":"ImageObject","inLanguage":"lt-LT","@id":"https:\/\/atlasliving.lt\/lt\/#\/schema\/logo\/image\/","url":"https:\/\/atlasliving.lt\/wp-content\/uploads\/2023\/08\/logo.svg","contentUrl":"https:\/\/atlasliving.lt\/wp-content\/uploads\/2023\/08\/logo.svg","width":278,"height":108,"caption":"ATLAS"},"image":{"@id":"https:\/\/atlasliving.lt\/lt\/#\/schema\/logo\/image\/"}}]}},"_links":{"self":[{"href":"https:\/\/atlasliving.lt\/lt\/wp-json\/wp\/v2\/pages\/1149","targetHints":{"allow":["GET"]}}],"collection":[{"href":"https:\/\/atlasliving.lt\/lt\/wp-json\/wp\/v2\/pages"}],"about":[{"href":"https:\/\/atlasliving.lt\/lt\/wp-json\/wp\/v2\/types\/page"}],"author":[{"embeddable":true,"href":"https:\/\/atlasliving.lt\/lt\/wp-json\/wp\/v2\/users\/5"}],"replies":[{"embeddable":true,"href":"https:\/\/atlasliving.lt\/lt\/wp-json\/wp\/v2\/comments?post=1149"}],"version-history":[{"count":3,"href":"https:\/\/atlasliving.lt\/lt\/wp-json\/wp\/v2\/pages\/1149\/revisions"}],"predecessor-version":[{"id":11016,"href":"https:\/\/atlasliving.lt\/lt\/wp-json\/wp\/v2\/pages\/1149\/revisions\/11016"}],"wp:attachment":[{"href":"https:\/\/atlasliving.lt\/lt\/wp-json\/wp\/v2\/media?parent=1149"}],"wp:term":[{"taxonomy":"category","embeddable":true,"href":"https:\/\/atlasliving.lt\/lt\/wp-json\/wp\/v2\/categories?post=1149"}],"curies":[{"name":"wp","href":"https:\/\/api.w.org\/{rel}","templated":true}]}}